{"id":431182,"date":"2023-07-21T10:39:04","date_gmt":"2023-07-21T08:39:04","guid":{"rendered":"https:\/\/www.eroski.es\/?page_id=431182"},"modified":"2023-11-22T09:56:40","modified_gmt":"2023-11-22T08:56:40","slug":"bbll-quiz-buen-comer","status":"publish","type":"page","link":"https:\/\/www.eroski.es\/eu\/bbll-quiz-buen-comer\/","title":{"rendered":"BASES LEGALES Sorteo Quiz Salud"},"content":{"rendered":"<div class=\"wpb-content-wrapper\"><p>[vc_row][vc_column]<div class=\"\"><div class=\"col-md-12 col-sm-12 col-xs-12 padding-0 margin-0 single-text wysiwyg-content\"><p><strong>BASES LEGALES<\/strong><\/p>\n<p><strong>Sorteo Quiz Salud Noviembre<\/strong><\/p>\n<p>&nbsp;<\/p>\n<p><strong><u>\u00a0<\/u><\/strong><\/p>\n<p><strong><u>1.- OBJETO.<\/u><\/strong><\/p>\n<p>&nbsp;<\/p>\n<p>EROSKI, S. COOP. (en adelante, tambi\u00e9n EROSKI) con domicilio social en Elorrio, Bizkaia, Barrio San Agust\u00edn, s\/n y con CIF.- F20033361, sociedad cabecera del Grupo EROSKI de distribuci\u00f3n, dedicada a la venta al por menor de bienes de consumo a trav\u00e9s de hipermercados y supermercados que operan bajo distintos formatos y ense\u00f1as, de gran implantaci\u00f3n en toda Espa\u00f1a, organiza la presente promoci\u00f3n denominada <strong>\u201cSorteo Quiz Salud Noviembre\u201d <\/strong>cuya finalidad es, entre otras, premiar a aquellos\/as participantes que interact\u00faen con la p\u00e1gina de Facebook de EROSKI.<\/p>\n<p>&nbsp;<\/p>\n<p>Todo ello de conformidad con los requisitos y la mec\u00e1nica de participaci\u00f3n que seguidamente se exponen.<\/p>\n<p>&nbsp;<\/p>\n<p><strong><u>2.- \u00c1MBITO DE LA PROMOCI\u00d3N.<\/u><\/strong><\/p>\n<p>&nbsp;<\/p>\n<p>Esta promoci\u00f3n tendr\u00e1 lugar en todo el territorio espa\u00f1ol.<\/p>\n<p>&nbsp;<\/p>\n<p><strong><u>3.- DURACI\u00d3N DE LA PROMOCI\u00d3N.<\/u><\/strong><\/p>\n<p>&nbsp;<\/p>\n<p>La promoci\u00f3n se iniciar\u00e1 el 21 de noviembre de 2023 a las 00.00 horas y finalizar\u00e1 el 24 de noviembre de 2023 a las 23.59 horas.<\/p>\n<p>&nbsp;<\/p>\n<p><strong><u>4.- REQUISITOS DE LA PROMOCI\u00d3N.<\/u><\/strong><\/p>\n<p>&nbsp;<\/p>\n<p>Para participar, el\/la participante deber\u00e1 seguir la mec\u00e1nica de la promoci\u00f3n que queda debidamente explicada en el apartado siguiente.<\/p>\n<p>&nbsp;<\/p>\n<p>La participaci\u00f3n en esta promoci\u00f3n se puede llevar a cabo en las p\u00e1ginas o publicaciones de EROSKI en Facebook.<\/p>\n<p>&nbsp;<\/p>\n<p>El\/la participante deber\u00e1 ser mayor de edad y residente en Espa\u00f1a as\u00ed como tener una cuenta de usuario real en la red en la que quiera participar.<\/p>\n<p>&nbsp;<\/p>\n<p>El acceso a la p\u00e1gina de EROSKI en Facebook (<a href=\"https:\/\/www.facebook.com\/Eroski\">https:\/\/www.facebook.com\/Eroski<\/a>) es gratuito.<\/p>\n<p>&nbsp;<\/p>\n<p>La participaci\u00f3n en esta promoci\u00f3n ser\u00e1 igualmente gratuita y conllevar\u00e1 la aceptaci\u00f3n \u00edntegra de las presentes bases por parte del\/de la participante.<\/p>\n<p>&nbsp;<\/p>\n<p>&nbsp;<\/p>\n<p><strong><u>5.- MEC\u00c1NICA DE LA PROMOCI\u00d3N.<\/u><\/strong><\/p>\n<p><strong><u>\u00a0<\/u><\/strong><\/p>\n<p>Quien cumpliendo los requisitos anteriores desee tomar parte en la presente promoci\u00f3n deber\u00e1 acceder a la p\u00e1gina oficial de EROSKI en Facebook (en la direcci\u00f3n web anteriormente descrita)<\/p>\n<p>&nbsp;<\/p>\n<p>Desde ella, deber\u00e1 acceder a su vez a la publicaci\u00f3n sobre el sorteo, que se comunicar\u00e1 en el perfil de Facebook de EROSKI el 21 de noviembre de 2023 y seguir la mec\u00e1nica de participaci\u00f3n correspondiente que explicamos a continuaci\u00f3n. Se dispondr\u00e1 de plazo hasta las 23.59 horas del 24 de noviembre de 2023.<\/p>\n<p>&nbsp;<\/p>\n<p><strong><u>Mec\u00e1nica:<\/u><\/strong><\/p>\n<p>&nbsp;<\/p>\n<ul>\n<li>Ser seguidor del perfil de la marca EROSKI en la red social Facebook.<\/li>\n<li>Darle \u201cMe gusta\u201d a la publicaci\u00f3n en la que se anuncia el concurso.<\/li>\n<li>Dejar un comentario mencionando a un\/a amigo\/a y respondiendo a la pregunta planteada en el Quiz de dicha publicaci\u00f3n.<\/li>\n<li>Si el usuario facilita datos de car\u00e1cter personal de terceras personas, informar\u00e1 a dichos terceros del contenido de los datos facilitados, de la existencia y finalidad del fichero donde se contienen sus datos, de la posibilidad de ejercitar los derechos, identificar\u00e1 a EROSKI, S.COOP. y deber\u00e1 obtener el consentimiento de dicho tercero para comunicar los datos de \u00e9ste a EROSKI, S.COOP.<\/li>\n<\/ul>\n<p>&nbsp;<\/p>\n<p>En esta promoci\u00f3n, los usuarios podr\u00e1n comentar tantas veces como quieran en los posts del sorteo, siempre y cuando las menciones sean diferentes entre s\u00ed.<\/p>\n<p>&nbsp;<\/p>\n<p>No ser\u00e1n v\u00e1lidas aquellas menciones que enlacen a cuentas de usuarios y\/o entidades p\u00fablicas en las diferentes plataformas sociales, tales como celebridades, influencers, marcas o diferentes tipos de organismos e instituciones.<\/p>\n<p>&nbsp;<\/p>\n<p>Los comentarios deber\u00e1n constar en la publicaci\u00f3n correspondiente, no en otras publicaciones u otros sitios de la fanpage. S\u00f3lo ser\u00e1n v\u00e1lidos los comentarios nuevos, no aquellos que consten en conversaciones dentro del mismo hilo.<\/p>\n<p>&nbsp;<\/p>\n<p>EROSKI se reserva el derecho a descalificar o eliminar a aquellos\/as participantes que remitan comentarios que no tengan que ver directamente con el tema del concurso, incluyan frases ofensivas, palabras malsonantes, inapropiadas, insultos, amenazas y, en definitiva, toda expresi\u00f3n que represente una falta de respeto contra la entidad organizadora, terceros, tanto personas f\u00edsicas como jur\u00eddicas, o vaya en general contra la moral y el orden p\u00fablico.<\/p>\n<p>&nbsp;<\/p>\n<p>&nbsp;<\/p>\n<p>&nbsp;<\/p>\n<p><strong><u>6.- PREMIO.<\/u><\/strong><\/p>\n<p>&nbsp;<\/p>\n<p>Entre quienes hayan seguido correctamente la mec\u00e1nica explicada en el punto anterior se sortear\u00e1 una tarjeta regalo EROSKI por valor de 100 \u20ac.<\/p>\n<p>&nbsp;<\/p>\n<p>La tarjeta regalo objeto de esta promoci\u00f3n podr\u00e1 canjearse en cualquier Hipermercado EROSKI, Supermercados EROSKI\/center y EROSKI\/city y\/o Estaciones de Servicio EROSKI. Quedan excluidas las tiendas online, Supermercados con ense\u00f1a CAPRABO y varios supermercados con ense\u00f1a EROSKI de Baleares<a name=\"_ftnref1\"><\/a><a href=\"https:\/\/www.eroski.es\/bbll-quiz-buen-comer-marzo\/#_ftn1\">[1]<\/a>.<\/p>\n<p>&nbsp;<\/p>\n<p>El premio no ser\u00e1 objeto de cesi\u00f3n, cambio, alteraci\u00f3n o canje a voluntad del\/de la ganador\/a y se enviar\u00e1 por correo al domicilio del\/de la ganador\/a.<\/p>\n<p>&nbsp;<\/p>\n<p>La entrega de los premios se limita al territorio nacional (excepto Canarias, Ceuta y Melilla), por lo que EROSKI no realizar\u00e1 env\u00edos a estos territorios quedando por tanto limitadas las entregas a la pen\u00ednsula espa\u00f1ola e Islas Baleares.<\/p>\n<p>&nbsp;<\/p>\n<p>&nbsp;<\/p>\n<p><strong><u>7.- ELECCI\u00d3N DE LOS\/LAS GANADORES\/AS.<\/u><\/strong><\/p>\n<p>&nbsp;<\/p>\n<p>El sorteo se realizar\u00e1 en un plazo de 5 d\u00edas h\u00e1biles, una vez finalizado el plazo de participaci\u00f3n. En el sorteo se elegir\u00e1:<\/p>\n<p>&nbsp;<\/p>\n<ul>\n<li>1 ganador y 2 suplentes<\/li>\n<\/ul>\n<p>&nbsp;<\/p>\n<p>EROSKI utilizar\u00e1 una aplicaci\u00f3n de terceros para realizar el registro de participantes. De forma manual se descartar\u00e1n aquellos\/as participantes que no cumplan con las condiciones de participaci\u00f3n descritas y\/o que no hayan dado la respuesta correcta.<\/p>\n<p>&nbsp;<\/p>\n<p>El sorteo se realizar\u00e1 a trav\u00e9s de un sistema digital automatizado que garantice la aleatoriedad y que permita gestionar y resolver cualquier conflicto que pueda tener lugar durante la realizaci\u00f3n del sorteo.<\/p>\n<p>&nbsp;<\/p>\n<p>&nbsp;<\/p>\n<p><sup>[1]<\/sup> Supermercados de Baleares que quedan excluidos:<\/p>\n<p>&#8211;\u00a0\u00a0\u00a0\u00a0\u00a0\u00a0\u00a0\u00a0\u00a0\u00a0 EROSKI\/center Campos I (C\/ NU\u00d1O SANZ, S\/N, Campos)<\/p>\n<p>&#8211;\u00a0\u00a0\u00a0\u00a0\u00a0\u00a0\u00a0\u00a0\u00a0\u00a0 EROSKI\/center Cala Millor (C\/SOL NAIXENT, S\/N -CALA MILLOR-, Son Servera)<\/p>\n<p>&#8211;\u00a0\u00a0\u00a0\u00a0\u00a0\u00a0\u00a0\u00a0\u00a0\u00a0 EROSKI\/center Felanitx (PLAZA ESPA\u00d1A, 4, Felanitx)<\/p>\n<p>&#8211;\u00a0\u00a0\u00a0\u00a0\u00a0\u00a0\u00a0\u00a0\u00a0\u00a0 EROSKI\/center Virgen de Monserrat (C\/ VIRGEN DE MONSERRAT 24, Palma de Mallorca)<\/p>\n<p>&#8211;\u00a0\u00a0\u00a0\u00a0\u00a0\u00a0\u00a0\u00a0\u00a0\u00a0 EROSKI\/center Santa Florentina (C\/ SANTA FLORENTINA, 16, Palma de Mallorca)<\/p>\n<p>&#8211;\u00a0\u00a0\u00a0\u00a0\u00a0\u00a0\u00a0\u00a0\u00a0\u00a0 EROSKI\/center Pau Piferrer (C\/ PAU PIFERRER, 16-18, Palma de Mallorca)<\/p>\n<p>&#8211;\u00a0\u00a0\u00a0\u00a0\u00a0\u00a0\u00a0\u00a0\u00a0\u00a0 EROSKI\/center Manacor II (CARRETERA DE PALMA A ARTA, KM 49,7, Manacor)<\/p>\n<p>&#8211;\u00a0\u00a0\u00a0\u00a0\u00a0\u00a0\u00a0\u00a0\u00a0\u00a0 EROSKI\/center Gral. Ricardo Ortega\u00a0 (GENERAL RICARD ORTEGA 36, Palma de Mallorca)<\/p>\n<p>&nbsp;<\/p>\n<p>&nbsp;<\/p>\n<p>&nbsp;<\/p>\n<p>&nbsp;<\/p>\n<p>Dada la necesaria participaci\u00f3n de plataformas tecnol\u00f3gicas de terceros (plataformas de medios sociales) sobre los que EROSKI no tiene control, EROSKI no puede garantizar que todas las participaciones sean tenidas en cuenta.<\/p>\n<p>&nbsp;<\/p>\n<p>Una vez fallado el sorteo, comprobaremos si los\/as ganadores\/as y los\/as suplentes han cumplido con el resto de condiciones en cada canal:<\/p>\n<p>&nbsp;<\/p>\n<ul>\n<li>Ser seguidor\/a de EROSKI en la red social Facebook.<\/li>\n<li>Comentar la publicaci\u00f3n mencionado de forma correcta un perfil v\u00e1lido en la red social en la que participe (Facebook).<\/li>\n<li>Haber indicado \u201cme gusta\u201d en la publicaci\u00f3n correspondiente.<\/li>\n<\/ul>\n<p>&nbsp;<\/p>\n<p>En caso de no cumplir con alguno de estos requisitos, ser\u00e1n descalificados. Si es uno\/a de los\/as ganadores\/as, se asignar\u00e1 el premio al\/a la primer\/a suplente y as\u00ed sucesivamente hasta completar el listado de ganadores\/as. Si es uno\/a de los\/as suplentes, se descalificar\u00e1 y no se sustituir\u00e1. Si no hubiera suficientes ganadores\/as y\/o suplentes para asignar todos los premios disponibles, estos quedar\u00e1n desiertos.<\/p>\n<p><strong><u>\u00a0<\/u><\/strong><\/p>\n<p><strong><u>8.- COMUNICACI\u00d3N DE LOS GANADORES.<\/u><\/strong><\/p>\n<p>&nbsp;<\/p>\n<p>El nombre y apellidos de los\/as ganadores\/as y de los\/as suplentes se publicar\u00e1n tras el sorteo en la p\u00e1gina web de EROSKI (<a href=\"https:\/\/www.eroski.es\/\">https:\/\/www.eroski.es\/<\/a>) y as\u00ed se har\u00e1 saber desde las p\u00e1ginas de EROSKI en Facebook (<a href=\"http:\/\/www.facebook.com\/eroski\">www.facebook.com\/eroski<\/a>).<\/p>\n<p>&nbsp;<\/p>\n<p>Adem\u00e1s, para avisar al\/a la ganador\/a le dejaremos un comentario respondiendo en su misma participaci\u00f3n.<\/p>\n<p>&nbsp;<\/p>\n<p>El\/la ganador\/a dispondr\u00e1 de un plazo de 4 d\u00edas naturales a contar desde el siguiente a la publicaci\u00f3n del resultado del sorteo para facilitar a trav\u00e9s de mensaje privado dirigido a EROSKI en Facebook la siguiente informaci\u00f3n:<\/p>\n<p>&nbsp;<\/p>\n<p>Nombre y dos apellidos<\/p>\n<p>DNI<\/p>\n<p>Tel\u00e9fono de contacto<\/p>\n<p>Direcci\u00f3n completa incluyendo c\u00f3digo postal<\/p>\n<p>Email de contacto<\/p>\n<p>&nbsp;<\/p>\n<p>Si el\/la ganador\/a no se pone en contacto en los t\u00e9rminos y plazos anteriormente indicados, no facilitara toda la informaci\u00f3n solicitada, \u00e9sta no fuera real o renunciase expresamente al premio, \u00e9ste\/a perder\u00e1 su derecho a reclamar el premio y EROSKI proceder\u00e1 a contactar con el\/la suplente elegido\/a a fin de gestionar la entrega del mismo.<\/p>\n<p>&nbsp;<\/p>\n<p>En caso de que el\/la primer\/a suplente correspondiente tampoco cumpliera con lo anteriormente indicado, se proceder\u00e1 a contactar con el\/la segundo\/a suplente y en el caso de que tampoco cumpliera con lo indicado, se contactar\u00eda con el\/la tercer\/a suplente. Si el\/la tercer\/a suplente tampoco cumpliera con los requisitos, el premio quedar\u00eda desierto.<\/p>\n<p>&nbsp;<\/p>\n<p>Si el\/la ganador\/a no se pone en contacto en los t\u00e9rminos y plazos anteriormente indicados, no facilitara toda la informaci\u00f3n solicitada, \u00e9sta no fuera real o renunciase expresamente al premio, \u00e9ste\/a perder\u00e1 su derecho a reclamar el premio y EROSKI proceder\u00e1 a contactar con el\/la suplente elegido\/a a fin de gestionar la entrega del mismo.<\/p>\n<p>&nbsp;<\/p>\n<p>En caso de que el\/la primer\/a suplente correspondiente tampoco cumpliera con lo anteriormente indicado, se proceder\u00e1 a contactar con el\/la segundo\/a suplente. Si este\/a tampoco contactara, se proceder\u00e1 a contactar con el\/la siguiente suplente si lo hubiera y hasta agotar el listado de suplentes v\u00e1lidos.<\/p>\n<p>&nbsp;<\/p>\n<p>Adem\u00e1s, ser\u00e1 necesario que los\/as ganadores\/as indiquen el domicilio en territorio nacional (excepto Canarias, Ceuta y Melilla) para poder recibir el premio.<\/p>\n<p>&nbsp;<\/p>\n<p>En ning\u00fan caso ser\u00e1 posible que una misma persona se lleve m\u00e1s de un premio en la presente promoci\u00f3n. Si una vez recibidos los datos personales de cada ganador\/a, se comprueba que coincide alguno de los\/as ganadores\/as, autom\u00e1ticamente se descalificar\u00e1 a dicha persona, aunque haya resultado ganadora en canales diferentes.<\/p>\n<p>&nbsp;<\/p>\n<p><strong><u>9.- GENERALES. <\/u><\/strong><\/p>\n<p>&nbsp;<\/p>\n<p>9.1.- La participaci\u00f3n en esta promocio\u0301n implica la aceptaci\u00f3n de los\/las participantes de sus bases legales sin reservas y el criterio de EROSKI en cuanto a la resoluci\u00f3n de cualquier cuestio\u0301n derivada de la misma.<\/p>\n<p>&nbsp;<\/p>\n<p>9.2.- En caso de que EROSKI detecte que los datos personales facilitados por los\/las ganadores\/as no son ciertos, estos\/as perdera\u0301n su derecho a recibir el premio.<\/p>\n<p>&nbsp;<\/p>\n<p>9.3.- El periodo de reclamaci\u00f3n de cualquier problema o eventualidad relacionado con la presente promocio\u0301n finalizara\u0301 transcurrido un mes desde su finalizacio\u0301n.<\/p>\n<p>&nbsp;<\/p>\n<p>9.4.- Por el simple hecho de participar en esta promocio\u0301n, EROSKI, S. COOP. se reserva el derecho a utilizar el nombre, apellidos e imagen, en su caso, de los\/as ganadores\/as y los\/as suplentes en todas aquellas actividades relacionadas con los premios (esencialmente, a efectos de que todos\/todas los\/las participantes sean conocedores de la identidad del\/la ganador\/a de la promocio\u0301n) con fines publicitarios o de divulgacio\u0301n, incluida su web, sin que e\u0301stos tengan derecho a recibir pago o contraprestacio\u0301n alguna por ello.<\/p>\n<p>&nbsp;<\/p>\n<p>9.5.- Todo usuario que decida participar en el sorteo, consiente que EROSKI, S.COOP., utilice en el transcurso de la promoci\u00f3n, el nombre de usuario\/a y el comentario\/imagen y\/o datos que el usuario participante proporcione. EROSKI, S.COOP., los utilizar\u00e1 en sus redes sociales y\/o p\u00e1ginas web, esencialmente, a efectos de que todos\/as los\/las participantes sean conocedores\/as de la identidad del\/de la ganador\/a y verificar el sorteo. Ning\u00fan usuario tendr\u00e1 derecho a recibir pago o contraprestaci\u00f3n alguna por ello.<\/p>\n<p>&nbsp;<\/p>\n<p>9.6.- EROSKI se reserva el derecho a efectuar cambios en las bases legales que redunden en el buen fin de la presente promocio\u0301n asi\u0301 como a prorrogarla, acortarla y\/o cancelarla cuando concurra causa justa o motivos de fuerza mayor que impidan llevarla a te\u0301rmino en la forma en que recogen las presentes bases.<\/p>\n<p>&nbsp;<\/p>\n<p>9.7.- EROSKI queda eximida de cualquier responsabilidad en el supuesto de existir algu\u0301n error en los datos facilitados por los propios agraciados que impidiera su identificacio\u0301n, contacto o disfrute del premio.<\/p>\n<p>&nbsp;<\/p>\n<p>9.8.- PROTECCIO\u0301N DE DATOS DE CARACTER PERSONAL.<\/p>\n<p>&nbsp;<\/p>\n<p>EROSKI, S. COOP. en ningu\u0301n caso almacenara\u0301, una vez concluida la presente promocio\u0301n y entregados los premios, los datos personales facilitados por los\/las participantes.<\/p>\n<p>&nbsp;<\/p>\n<p>Los datos personales suministrados por los\/las participantes sera\u0301n tratados confidencialmente y recopilados en un fichero automatizado de datos de cara\u0301cter personal, siendo EROSKI, S. COOP. titular y responsable de dicho fichero, con domicilio en Elorrio, Bizkaia, Barrio San Agusti\u0301n, s\/n y con CIF.- F20033361.<\/p>\n<p>&nbsp;<\/p>\n<p>EROSKI S. COOP. recaba los datos identificativos con la finalidad de gestionar la presente promocio\u0301n y sera\u0301n tratados u\u0301nicamente a efectos de identificar a los\/las premiados\/premiadas y proceder a la entrega de los premios.<\/p>\n<p>&nbsp;<\/p>\n<p>Una vez conocidos los\/las ganadores\/ganadoras, publicitados sus datos en los te\u0301rminos anteriormente indicados y concluida la entrega, los datos sera\u0301n debidamente suprimidos.<br \/>\nEl\/la participante podra\u0301 acceder, rectificar y cancelar sus datos dirigie\u0301ndose por escrito a la direccio\u0301n de correo electro\u0301nico dpo@eroski.es con asunto \u201cRef.: <strong>Sorteo Quiz Salud Noviembre\u201d<\/strong><\/p>\n<p>&nbsp;<\/p>\n<p>Asimismo, y para oponerse a la recepcio\u0301n de comunicaciones comerciales o al tratamiento de sus datos para fines promocionales, podra\u0301 revocar su consentimiento por medio del procedimiento aqui\u0301 descrito, formularios de participacio\u0301n en promociones y\/o en cada uno del envi\u0301o recibido por medios de comunicacio\u0301n electro\u0301nica.<\/p>\n<p>&nbsp;<\/p>\n<p>9.9.- Bases disponibles en <a href=\"https:\/\/www.eroski.es\/bbll-quiz-buen-comer\/\">https:\/\/www.eroski.es\/bbll-quiz-buen-comer\/<\/a>.<\/p>\n<p>&nbsp;<\/p>\n<p><strong><u>10.- INFORMACI\u00d3N B\u00c1SICA SOBRE PROTECCI\u00d3N DE DATOS<\/u><\/strong><\/p>\n<p>&nbsp;<\/p>\n<table width=\"567\">\n<tbody>\n<tr>\n<td width=\"151\"><strong>Responsable y contacto<\/strong><\/td>\n<td width=\"416\"><em>Eroski S. Coop. B.\u00ba San Agust\u00edn s\/n 48230 (Bizkaia). dpo@eroski.es<\/em><\/td>\n<\/tr>\n<tr>\n<td width=\"151\"><strong>Datos captados, inter\u00e9s leg\u00edtimo y plazo de almacenamiento<\/strong><\/td>\n<td width=\"416\">De los\/las participantes: (i) Datos identificativos y de contacto; (ii) datos resultantes de procesos inform\u00e1ticos. Del\/la ganador\/a: (i) Datos identificativos, imagen y de contacto; (ii) datos resultantes de procesos inform\u00e1ticos. Una vez concluida la promoci\u00f3n, el fichero ser\u00e1 destruido. La base jur\u00eddica para el tratamiento ser\u00e1 el consentimiento que preste el interesado por medio de su voluntad de participaci\u00f3n.<\/td>\n<\/tr>\n<tr>\n<td width=\"151\"><strong>Finalidad<\/strong><\/td>\n<td width=\"416\">Gestionar la presente promoci\u00f3n y entrega de premios.<\/td>\n<\/tr>\n<tr>\n<td width=\"151\"><strong>Comunicaci\u00f3n de datos a terceros<\/strong><\/td>\n<td width=\"416\">S\u00f3lo si fuera necesario, se comunicar\u00e1n sus datos a las administraciones p\u00fablicas correspondientes (por ejemplo, la Agencia Tributaria) para el cumplimiento de obligaciones legales.<\/td>\n<\/tr>\n<tr>\n<td width=\"151\"><strong>Ejercicio de derechos<\/strong><\/td>\n<td width=\"416\">Derechos de acceso, rectificaci\u00f3n, supresi\u00f3n, revocar consentimiento, oponerse a su tratamiento, limitar el mismo y\/o solicitar la portabilidad de sus datos: a trav\u00e9s de dpo@eroski.es<\/td>\n<\/tr>\n<\/tbody>\n<\/table>\n<\/div><\/div>[\/vc_column][\/vc_row]<\/p>\n<\/div>","protected":false},"excerpt":{"rendered":"<p>[vc_row][vc_column][\/vc_column][\/vc_row]<\/p>\n","protected":false},"author":1,"featured_media":0,"parent":0,"menu_order":0,"comment_status":"closed","ping_status":"closed","template":"","meta":{"_acf_changed":false,"_price":"","_stock":"","_tribe_ticket_header":"","_tribe_default_ticket_provider":"","_ticket_start_date":"","_ticket_end_date":"","_tribe_ticket_show_description":"","_tribe_ticket_show_not_going":false,"_tribe_ticket_use_global_stock":"","_tribe_ticket_global_stock_level":"","_global_stock_mode":"","_global_stock_cap":"","_tribe_rsvp_for_event":"","_tribe_ticket_going_count":"","_tribe_ticket_not_going_count":"","_tribe_tickets_list":"[]","_tribe_ticket_has_attendee_info_fields":false,"footnotes":""},"class_list":["post-431182","page","type-page","status-publish","hentry"],"acf":[],"yoast_head":"<!-- This site is optimized with the Yoast SEO plugin v26.7 - https:\/\/yoast.com\/wordpress\/plugins\/seo\/ -->\n<title>BASES LEGALES Sorteo Quiz Salud<\/title>\n<meta name=\"robots\" content=\"noindex, nofollow\" \/>\n<meta property=\"og:locale\" content=\"en_US\" \/>\n<meta property=\"og:type\" content=\"article\" \/>\n<meta property=\"og:title\" content=\"BASES LEGALES Sorteo Quiz Salud\" \/>\n<meta property=\"og:description\" content=\"[vc_row][vc_column][\/vc_column][\/vc_row]\" \/>\n<meta property=\"og:url\" content=\"https:\/\/www.eroski.es\/eu\/bbll-quiz-buen-comer\/\" \/>\n<meta property=\"og:site_name\" content=\"EROSKI\" \/>\n<meta property=\"article:modified_time\" content=\"2023-11-22T08:56:40+00:00\" \/>\n<meta name=\"twitter:card\" content=\"summary_large_image\" \/>\n<meta name=\"twitter:label1\" content=\"Est. reading time\" \/>\n\t<meta name=\"twitter:data1\" content=\"10 minutes\" \/>\n<script type=\"application\/ld+json\" class=\"yoast-schema-graph\">{\"@context\":\"https:\/\/schema.org\",\"@graph\":[{\"@type\":\"WebPage\",\"@id\":\"https:\/\/www.eroski.es\/eu\/bbll-quiz-buen-comer\/\",\"url\":\"https:\/\/www.eroski.es\/eu\/bbll-quiz-buen-comer\/\",\"name\":\"BASES LEGALES Sorteo Quiz Salud\",\"isPartOf\":{\"@id\":\"https:\/\/www.eroski.es\/eu\/#website\"},\"datePublished\":\"2023-07-21T08:39:04+00:00\",\"dateModified\":\"2023-11-22T08:56:40+00:00\",\"breadcrumb\":{\"@id\":\"https:\/\/www.eroski.es\/eu\/bbll-quiz-buen-comer\/#breadcrumb\"},\"inLanguage\":\"eu\",\"potentialAction\":[{\"@type\":\"ReadAction\",\"target\":[\"https:\/\/www.eroski.es\/eu\/bbll-quiz-buen-comer\/\"]}]},{\"@type\":\"BreadcrumbList\",\"@id\":\"https:\/\/www.eroski.es\/eu\/bbll-quiz-buen-comer\/#breadcrumb\",\"itemListElement\":[{\"@type\":\"ListItem\",\"position\":1,\"name\":\"Home\",\"item\":\"https:\/\/www.eroski.es\/eu\/\"},{\"@type\":\"ListItem\",\"position\":2,\"name\":\"BASES LEGALES Sorteo Quiz Salud\"}]},{\"@type\":\"WebSite\",\"@id\":\"https:\/\/www.eroski.es\/eu\/#website\",\"url\":\"https:\/\/www.eroski.es\/eu\/\",\"name\":\"EROSKI\",\"description\":\"\",\"potentialAction\":[{\"@type\":\"SearchAction\",\"target\":{\"@type\":\"EntryPoint\",\"urlTemplate\":\"https:\/\/www.eroski.es\/eu\/?s={search_term_string}\"},\"query-input\":{\"@type\":\"PropertyValueSpecification\",\"valueRequired\":true,\"valueName\":\"search_term_string\"}}],\"inLanguage\":\"eu\"},{\"@type\":\"Organization\",\"@id\":\"https:\/\/www.eroski.es\/eu\/\",\"name\":\"EROSKI\",\"url\":\"https:\/\/www.eroski.es\/eu\/\",\"sameAs\":[\"https:\/\/www.facebook.com\/EROSKI\",\"https:\/\/twitter.com\/EROSKI\",\"https:\/\/www.instagram.com\/EROSKI\"]}]}<\/script>\n<!-- \/ Yoast SEO plugin. -->","yoast_head_json":{"title":"BASES LEGALES Sorteo Quiz Salud","robots":{"index":"noindex","follow":"nofollow"},"og_locale":"en_US","og_type":"article","og_title":"BASES LEGALES Sorteo Quiz Salud","og_description":"[vc_row][vc_column][\/vc_column][\/vc_row]","og_url":"https:\/\/www.eroski.es\/eu\/bbll-quiz-buen-comer\/","og_site_name":"EROSKI","article_modified_time":"2023-11-22T08:56:40+00:00","twitter_card":"summary_large_image","twitter_misc":{"Est. reading time":"10 minutes"},"schema":{"@context":"https:\/\/schema.org","@graph":[{"@type":"WebPage","@id":"https:\/\/www.eroski.es\/eu\/bbll-quiz-buen-comer\/","url":"https:\/\/www.eroski.es\/eu\/bbll-quiz-buen-comer\/","name":"BASES LEGALES Sorteo Quiz Salud","isPartOf":{"@id":"https:\/\/www.eroski.es\/eu\/#website"},"datePublished":"2023-07-21T08:39:04+00:00","dateModified":"2023-11-22T08:56:40+00:00","breadcrumb":{"@id":"https:\/\/www.eroski.es\/eu\/bbll-quiz-buen-comer\/#breadcrumb"},"inLanguage":"eu","potentialAction":[{"@type":"ReadAction","target":["https:\/\/www.eroski.es\/eu\/bbll-quiz-buen-comer\/"]}]},{"@type":"BreadcrumbList","@id":"https:\/\/www.eroski.es\/eu\/bbll-quiz-buen-comer\/#breadcrumb","itemListElement":[{"@type":"ListItem","position":1,"name":"Home","item":"https:\/\/www.eroski.es\/eu\/"},{"@type":"ListItem","position":2,"name":"BASES LEGALES Sorteo Quiz Salud"}]},{"@type":"WebSite","@id":"https:\/\/www.eroski.es\/eu\/#website","url":"https:\/\/www.eroski.es\/eu\/","name":"EROSKI","description":"","potentialAction":[{"@type":"SearchAction","target":{"@type":"EntryPoint","urlTemplate":"https:\/\/www.eroski.es\/eu\/?s={search_term_string}"},"query-input":{"@type":"PropertyValueSpecification","valueRequired":true,"valueName":"search_term_string"}}],"inLanguage":"eu"},{"@type":"Organization","@id":"https:\/\/www.eroski.es\/eu\/","name":"EROSKI","url":"https:\/\/www.eroski.es\/eu\/","sameAs":["https:\/\/www.facebook.com\/EROSKI","https:\/\/twitter.com\/EROSKI","https:\/\/www.instagram.com\/EROSKI"]}]}},"_links":{"self":[{"href":"https:\/\/www.eroski.es\/eu\/wp-json\/wp\/v2\/pages\/431182","targetHints":{"allow":["GET"]}}],"collection":[{"href":"https:\/\/www.eroski.es\/eu\/wp-json\/wp\/v2\/pages"}],"about":[{"href":"https:\/\/www.eroski.es\/eu\/wp-json\/wp\/v2\/types\/page"}],"author":[{"embeddable":true,"href":"https:\/\/www.eroski.es\/eu\/wp-json\/wp\/v2\/users\/1"}],"replies":[{"embeddable":true,"href":"https:\/\/www.eroski.es\/eu\/wp-json\/wp\/v2\/comments?post=431182"}],"version-history":[{"count":5,"href":"https:\/\/www.eroski.es\/eu\/wp-json\/wp\/v2\/pages\/431182\/revisions"}],"predecessor-version":[{"id":437848,"href":"https:\/\/www.eroski.es\/eu\/wp-json\/wp\/v2\/pages\/431182\/revisions\/437848"}],"wp:attachment":[{"href":"https:\/\/www.eroski.es\/eu\/wp-json\/wp\/v2\/media?parent=431182"}],"curies":[{"name":"wp","href":"https:\/\/api.w.org\/{rel}","templated":true}]}}