{"id":461578,"date":"2025-04-08T19:09:12","date_gmt":"2025-04-08T17:09:12","guid":{"rendered":"https:\/\/www.eroski.es\/retirada-de-producto-camaiot-ferriol\/"},"modified":"2025-04-09T15:59:22","modified_gmt":"2025-04-09T13:59:22","slug":"retirada-de-producto-camaiot-ferriol","status":"publish","type":"page","link":"https:\/\/www.eroski.es\/eu\/retirada-de-producto-camaiot-ferriol\/","title":{"rendered":"Retirada de producto Camaiot Ferriol"},"content":{"rendered":"<div class=\"wpb-content-wrapper\"><p>[vc_row][vc_column][vc_column_text css=&#8221;.vc_custom_1744131532812{padding-bottom: 10px !important;}&#8221;]<\/p>\n<p style=\"font-size: 1.5rem; font-family: TexGyreAdventor,arial,sans-serif;\" data-mce-style=\"font-size: 1.5rem; font-family: TexGyreAdventor,arial,sans-serif;\">08\/04\/2025<\/p>\n<p>[\/vc_column_text][vc_column_text css=&#8221;.vc_custom_1637827704311{border-bottom-width: 3px !important;padding-top: 10px !important;padding-bottom: 15px !important;border-bottom-color: #e40000 !important;border-bottom-style: solid !important;}&#8221;]<\/p>\n<h2 style=\"color: #e40000; font-family: 'TexGyreAdventorBold', arial, sans-serif; font-size: 2.2rem;\" data-mce-style=\"color: #e40000; font-family: 'TexGyreAdventorBold', arial, sans-serif; font-size: 2.2rem;\">RETIRADAS DE PRODUCTO<\/h2>\n<p>[\/vc_column_text][vc_column_text css=&#8221;.vc_custom_1744131560904{padding-top: 30px !important;}&#8221;]<\/p>\n<h1 style=\"font-family: TexGyreAdventorBold,arial,sans-serif; color: #e40000; font-size: 3rem;\" data-mce-style=\"font-family: TexGyreAdventorBold,arial,sans-serif; color: #e40000; font-size: 3rem;\">Retirada de producto Camaiot Ferriol<\/h1>\n<p>[\/vc_column_text][vc_row_inner][vc_column_inner][vc_column_text css=&#8221;.vc_custom_1744131787421{padding-top: 30px !important;}&#8221;]<\/p>\n<p style=\"font-size: 1.6rem; line-height: 1.2em; margin-bottom: 15px; font-family: TexGyreAdventor, arial, sans-serif;\" data-mce-style=\"font-size: 1.6rem; line-height: 1.2em; margin-bottom: 15px; font-family: TexGyreAdventor, arial, sans-serif;\">En un control anal\u00edtico interno hemos detectado la presencia de la bacteria <strong>Listeria<\/strong> en el <strong>embutido cocido al corte Camaiot Ferriol<\/strong> del proveedor EMBUTIDOS FERRIOL SL. que comercializamos en el mostrador de charcuter\u00eda.<\/p>\n<p>[\/vc_column_text][vc_empty_space][vc_single_image image=&#8221;461558&#8243; img_size=&#8221;large&#8221; alignment=&#8221;center&#8221; css=&#8221;&#8221;][vc_empty_space][vc_column_text css=&#8221;.vc_custom_1744131732038{padding-top: 30px !important;}&#8221;]<\/p>\n<p style=\"font-size: 1.6rem; line-height: 1.2em; margin-bottom: 15px; font-family: TexGyreAdventor, arial, sans-serif;\" data-mce-style=\"font-size: 1.6rem; line-height: 1.2em; margin-bottom: 15px; font-family: TexGyreAdventor, arial, sans-serif;\">La bacteria Listeria puede afectar a la salud de los consumidores, en consecuencia, en EROSKI <strong>hemos retirado de la venta TODAS<\/strong> las unidades.<\/p>\n<p style=\"font-size: 1.6rem; line-height: 1.2em; margin-bottom: 15px; font-family: TexGyreAdventor, arial, sans-serif;\" data-mce-style=\"font-size: 1.6rem; line-height: 1.2em; margin-bottom: 15px; font-family: TexGyreAdventor, arial, sans-serif;\">Este producto se ha distribuido \u00fanicamente en algunas <strong>tiendas de Mallorca<\/strong>.<\/p>\n<p style=\"font-size: 1.6rem; line-height: 1.2em; margin-bottom: 15px; font-family: TexGyreAdventor, arial, sans-serif;\" data-mce-style=\"font-size: 1.6rem; line-height: 1.2em; margin-bottom: 15px; font-family: TexGyreAdventor, arial, sans-serif;\"><strong>IMPORTANTE<\/strong>: Si tienes alguna unidad del producto indicado, no lo consumas, entr\u00e9galo en tu tienda y te devolveremos el dinero.<\/p>\n<p style=\"font-size: 1.6rem; line-height: 1.2em; margin-bottom: 15px; font-family: TexGyreAdventor, arial, sans-serif;\" data-mce-style=\"font-size: 1.6rem; line-height: 1.2em; margin-bottom: 15px; font-family: TexGyreAdventor, arial, sans-serif;\">Para m\u00e1s informaci\u00f3n, puedes contactar con nuestro Servicio de Atenci\u00f3n al Cliente en el tel\u00e9fono 944 943 444, de lunes a s\u00e1bado, de 9:00 a 22:00 h., o en este enlace <a href=\"\/?page_id=1017\" target=\"_blank\" rel=\"noopener\" data-mce-href=\"https:\/\/www.eroski.es\/eu\/kontaktua\/\">https:\/\/www.eroski.es\/contacto\/<\/a><br data-mce-bogus=\"1\"><\/p>\n<p>[\/vc_column_text][vc_single_image image=&#8221;373793&#8243; img_size=&#8221;63&#215;63&#8243; alignment=&#8221;right&#8221; onclick=&#8221;custom_link&#8221; css=&#8221;.vc_custom_1637656001454{padding-bottom: 50px !important;}&#8221; link=&#8221;https:\/\/www.eroski.es\/eu\/produktu-erretiraketak\/&#8221;][\/vc_column_inner][\/vc_row_inner][\/vc_column][\/vc_row]<\/p>\n<\/div>","protected":false},"excerpt":{"rendered":"<p>[vc_row][vc_column][vc_column_text css=&#8221;.vc_custom_1744131532812{padding-bottom: 10px !important;}&#8221;] 08\/04\/2025 [\/vc_column_text][vc_column_text css=&#8221;.vc_custom_1637827704311{border-bottom-width: 3px !important;padding-top: 10px !important;padding-bottom: 15px !important;border-bottom-color: #e40000 !important;border-bottom-style: solid !important;}&#8221;] RETIRADAS DE PRODUCTO [\/vc_column_text][vc_column_text css=&#8221;.vc_custom_1744131560904{padding-top: 30px !important;}&#8221;] Retirada de producto Camaiot Ferriol [\/vc_column_text][vc_row_inner][vc_column_inner][vc_column_text&#8230; <a class=\"view-article\" href=\"https:\/\/www.eroski.es\/eu\/retirada-de-producto-camaiot-ferriol\/\">Ikusi artikulua<\/a><\/p>\n","protected":false},"author":1067547,"featured_media":0,"parent":0,"menu_order":0,"comment_status":"closed","ping_status":"closed","template":"","meta":{"_acf_changed":false,"_price":"","_stock":"","_tribe_ticket_header":"","_tribe_default_ticket_provider":"","_ticket_start_date":"","_ticket_end_date":"","_tribe_ticket_show_description":"","_tribe_ticket_show_not_going":false,"_tribe_ticket_use_global_stock":"","_tribe_ticket_global_stock_level":"","_global_stock_mode":"","_global_stock_cap":"","_tribe_rsvp_for_event":"","_tribe_ticket_going_count":"","_tribe_ticket_not_going_count":"","_tribe_tickets_list":"[]","_tribe_ticket_has_attendee_info_fields":false,"footnotes":""},"class_list":["post-461578","page","type-page","status-publish","hentry"],"acf":[],"yoast_head":"<!-- This site is optimized with the Yoast SEO plugin v26.7 - https:\/\/yoast.com\/wordpress\/plugins\/seo\/ -->\n<title>Retirada de producto Camaiot Ferriol<\/title>\n<meta name=\"robots\" content=\"noindex, nofollow\" \/>\n<meta property=\"og:locale\" content=\"en_US\" \/>\n<meta property=\"og:type\" content=\"article\" \/>\n<meta property=\"og:title\" content=\"Retirada de producto Camaiot Ferriol\" \/>\n<meta property=\"og:description\" content=\"[vc_row][vc_column][vc_column_text css=&#8221;.vc_custom_1744131532812{padding-bottom: 10px !important;}&#8221;] 08\/04\/2025 [\/vc_column_text][vc_column_text css=&#8221;.vc_custom_1637827704311{border-bottom-width: 3px !important;padding-top: 10px !important;padding-bottom: 15px !important;border-bottom-color: #e40000 !important;border-bottom-style: solid !important;}&#8221;] RETIRADAS DE PRODUCTO [\/vc_column_text][vc_column_text css=&#8221;.vc_custom_1744131560904{padding-top: 30px !important;}&#8221;] Retirada de producto Camaiot Ferriol [\/vc_column_text][vc_row_inner][vc_column_inner][vc_column_text... Ikusi artikulua\" \/>\n<meta property=\"og:url\" content=\"https:\/\/www.eroski.es\/eu\/retirada-de-producto-camaiot-ferriol\/\" \/>\n<meta property=\"og:site_name\" content=\"EROSKI\" \/>\n<meta property=\"article:modified_time\" content=\"2025-04-09T13:59:22+00:00\" \/>\n<meta name=\"twitter:card\" content=\"summary_large_image\" \/>\n<meta name=\"twitter:label1\" content=\"Est. reading time\" \/>\n\t<meta name=\"twitter:data1\" content=\"1 minute\" \/>\n<script type=\"application\/ld+json\" class=\"yoast-schema-graph\">{\"@context\":\"https:\/\/schema.org\",\"@graph\":[{\"@type\":\"WebPage\",\"@id\":\"https:\/\/www.eroski.es\/eu\/retirada-de-producto-camaiot-ferriol\/\",\"url\":\"https:\/\/www.eroski.es\/eu\/retirada-de-producto-camaiot-ferriol\/\",\"name\":\"Retirada de producto Camaiot Ferriol\",\"isPartOf\":{\"@id\":\"https:\/\/www.eroski.es\/eu\/#website\"},\"datePublished\":\"2025-04-08T17:09:12+00:00\",\"dateModified\":\"2025-04-09T13:59:22+00:00\",\"breadcrumb\":{\"@id\":\"https:\/\/www.eroski.es\/eu\/retirada-de-producto-camaiot-ferriol\/#breadcrumb\"},\"inLanguage\":\"eu\",\"potentialAction\":[{\"@type\":\"ReadAction\",\"target\":[\"https:\/\/www.eroski.es\/eu\/retirada-de-producto-camaiot-ferriol\/\"]}]},{\"@type\":\"BreadcrumbList\",\"@id\":\"https:\/\/www.eroski.es\/eu\/retirada-de-producto-camaiot-ferriol\/#breadcrumb\",\"itemListElement\":[{\"@type\":\"ListItem\",\"position\":1,\"name\":\"Home\",\"item\":\"https:\/\/www.eroski.es\/eu\/\"},{\"@type\":\"ListItem\",\"position\":2,\"name\":\"Retirada de producto Camaiot Ferriol\"}]},{\"@type\":\"WebSite\",\"@id\":\"https:\/\/www.eroski.es\/eu\/#website\",\"url\":\"https:\/\/www.eroski.es\/eu\/\",\"name\":\"EROSKI\",\"description\":\"\",\"potentialAction\":[{\"@type\":\"SearchAction\",\"target\":{\"@type\":\"EntryPoint\",\"urlTemplate\":\"https:\/\/www.eroski.es\/eu\/?s={search_term_string}\"},\"query-input\":{\"@type\":\"PropertyValueSpecification\",\"valueRequired\":true,\"valueName\":\"search_term_string\"}}],\"inLanguage\":\"eu\"},{\"@type\":\"Organization\",\"@id\":\"https:\/\/www.eroski.es\/eu\/\",\"name\":\"EROSKI\",\"url\":\"https:\/\/www.eroski.es\/eu\/\",\"sameAs\":[\"https:\/\/www.facebook.com\/EROSKI\",\"https:\/\/twitter.com\/EROSKI\",\"https:\/\/www.instagram.com\/EROSKI\"]}]}<\/script>\n<!-- \/ Yoast SEO plugin. -->","yoast_head_json":{"title":"Retirada de producto Camaiot Ferriol","robots":{"index":"noindex","follow":"nofollow"},"og_locale":"en_US","og_type":"article","og_title":"Retirada de producto Camaiot Ferriol","og_description":"[vc_row][vc_column][vc_column_text css=&#8221;.vc_custom_1744131532812{padding-bottom: 10px !important;}&#8221;] 08\/04\/2025 [\/vc_column_text][vc_column_text css=&#8221;.vc_custom_1637827704311{border-bottom-width: 3px !important;padding-top: 10px !important;padding-bottom: 15px !important;border-bottom-color: #e40000 !important;border-bottom-style: solid !important;}&#8221;] RETIRADAS DE PRODUCTO [\/vc_column_text][vc_column_text css=&#8221;.vc_custom_1744131560904{padding-top: 30px !important;}&#8221;] Retirada de producto Camaiot Ferriol [\/vc_column_text][vc_row_inner][vc_column_inner][vc_column_text... Ikusi artikulua","og_url":"https:\/\/www.eroski.es\/eu\/retirada-de-producto-camaiot-ferriol\/","og_site_name":"EROSKI","article_modified_time":"2025-04-09T13:59:22+00:00","twitter_card":"summary_large_image","twitter_misc":{"Est. reading time":"1 minute"},"schema":{"@context":"https:\/\/schema.org","@graph":[{"@type":"WebPage","@id":"https:\/\/www.eroski.es\/eu\/retirada-de-producto-camaiot-ferriol\/","url":"https:\/\/www.eroski.es\/eu\/retirada-de-producto-camaiot-ferriol\/","name":"Retirada de producto Camaiot Ferriol","isPartOf":{"@id":"https:\/\/www.eroski.es\/eu\/#website"},"datePublished":"2025-04-08T17:09:12+00:00","dateModified":"2025-04-09T13:59:22+00:00","breadcrumb":{"@id":"https:\/\/www.eroski.es\/eu\/retirada-de-producto-camaiot-ferriol\/#breadcrumb"},"inLanguage":"eu","potentialAction":[{"@type":"ReadAction","target":["https:\/\/www.eroski.es\/eu\/retirada-de-producto-camaiot-ferriol\/"]}]},{"@type":"BreadcrumbList","@id":"https:\/\/www.eroski.es\/eu\/retirada-de-producto-camaiot-ferriol\/#breadcrumb","itemListElement":[{"@type":"ListItem","position":1,"name":"Home","item":"https:\/\/www.eroski.es\/eu\/"},{"@type":"ListItem","position":2,"name":"Retirada de producto Camaiot Ferriol"}]},{"@type":"WebSite","@id":"https:\/\/www.eroski.es\/eu\/#website","url":"https:\/\/www.eroski.es\/eu\/","name":"EROSKI","description":"","potentialAction":[{"@type":"SearchAction","target":{"@type":"EntryPoint","urlTemplate":"https:\/\/www.eroski.es\/eu\/?s={search_term_string}"},"query-input":{"@type":"PropertyValueSpecification","valueRequired":true,"valueName":"search_term_string"}}],"inLanguage":"eu"},{"@type":"Organization","@id":"https:\/\/www.eroski.es\/eu\/","name":"EROSKI","url":"https:\/\/www.eroski.es\/eu\/","sameAs":["https:\/\/www.facebook.com\/EROSKI","https:\/\/twitter.com\/EROSKI","https:\/\/www.instagram.com\/EROSKI"]}]}},"_links":{"self":[{"href":"https:\/\/www.eroski.es\/eu\/wp-json\/wp\/v2\/pages\/461578","targetHints":{"allow":["GET"]}}],"collection":[{"href":"https:\/\/www.eroski.es\/eu\/wp-json\/wp\/v2\/pages"}],"about":[{"href":"https:\/\/www.eroski.es\/eu\/wp-json\/wp\/v2\/types\/page"}],"author":[{"embeddable":true,"href":"https:\/\/www.eroski.es\/eu\/wp-json\/wp\/v2\/users\/1067547"}],"replies":[{"embeddable":true,"href":"https:\/\/www.eroski.es\/eu\/wp-json\/wp\/v2\/comments?post=461578"}],"version-history":[{"count":5,"href":"https:\/\/www.eroski.es\/eu\/wp-json\/wp\/v2\/pages\/461578\/revisions"}],"predecessor-version":[{"id":461594,"href":"https:\/\/www.eroski.es\/eu\/wp-json\/wp\/v2\/pages\/461578\/revisions\/461594"}],"wp:attachment":[{"href":"https:\/\/www.eroski.es\/eu\/wp-json\/wp\/v2\/media?parent=461578"}],"curies":[{"name":"wp","href":"https:\/\/api.w.org\/{rel}","templated":true}]}}