{"id":470508,"date":"2025-10-15T14:58:03","date_gmt":"2025-10-15T12:58:03","guid":{"rendered":"https:\/\/www.eroski.es\/?page_id=470508"},"modified":"2025-10-15T14:58:05","modified_gmt":"2025-10-15T12:58:05","slug":"produktua-baztertzea-spray-antiseptikoa-klorhexidina-urtsua-2an-eroski-100-ml","status":"publish","type":"page","link":"https:\/\/www.eroski.es\/eu\/produktua-baztertzea-spray-antiseptikoa-klorhexidina-urtsua-2an-eroski-100-ml\/","title":{"rendered":"Produktua baztertzea Spray Antiseptikoa Klorhexidina urtsua % 2an Eroski 100 ml."},"content":{"rendered":"<div class=\"wpb-content-wrapper\"><p>[vc_row][vc_column][vc_column_text css=&#8221;.vc_custom_1760532553183{padding-bottom: 10px !important;}&#8221;]<\/p>\n<p style=\"font-size: 1.5rem; font-family: TexGyreAdventor,arial,sans-serif;\">2025\/10\/13<\/p>\n<p>[\/vc_column_text][vc_column_text css=&#8221;.vc_custom_1760533068124{border-bottom-width: 3px !important;padding-top: 10px !important;padding-bottom: 15px !important;border-bottom-style: solid !important;border-color: #e40000 !important;}&#8221;]<\/p>\n<h2 style=\"color: #e40000; font-family: 'TexGyreAdventorBold', arial, sans-serif; font-size: 2.2rem;\">PRODUKTUA BAZTERTZEA<\/h2>\n<p>[\/vc_column_text][vc_column_text css=&#8221;.vc_custom_1640617638779{padding-top: 30px !important;}&#8221;]<\/p>\n<h1 style=\"font-family: TexGyreAdventorBold,arial,sans-serif; color: #e40000; font-size: 3rem;\">Produktua baztertzea <strong>Spray Antiseptikoa Klorhexidina urtsua % 2an Eroski 100 ml<\/strong><\/h1>\n<p>[\/vc_column_text][vc_row_inner][vc_column_inner][vc_column_text css=&#8221;.vc_custom_1640618218921{padding-top: 30px !important;}&#8221;]<\/p>\n<p style=\"font-size: 1.6rem; line-height: 1.2em; margin-bottom: 15px; font-family: TexGyreAdventor, arial, sans-serif;\"><strong>AEMPSek<\/strong> (Sendagaien eta Osasun Produktuen Espainiako Agentzia) kutsadura mikrobiolgikoa detektatu du <strong>azal osasuntsurako produktu antiseptikoen<\/strong> unitate batzuetan, \u00a0<strong>Laboratorios Montplet S.L.Uk <\/strong>fabrikatutakoetan, eta arriskutsuak izan daitezke sistema immunologiko ahuldua duten pertsonentzat. Badaezpada, <strong>AEMPSek<\/strong> hainbat produktu eta lote kentzeko agindu du.<\/p>\n<p style=\"font-size: 1.6rem; line-height: 1.2em; margin-bottom: 15px; font-family: TexGyreAdventor, arial, sans-serif;\"><b>EROSKIn, Eroski markako <strong>KLORHEXIDINA URTSUA % 2an esprai antiseptikoaren 52381 lotea (100 ml) salmentatik kendu dugu,<\/strong><\/b>aipatutako hornitzailearena.<\/p>\n<p><strong>Spray Antiseptikoa Klorhexidina urtsua % 2an<\/strong><\/p>\n<p><strong>Loteak<\/strong>: 52381<\/p>\n<p><strong>EAN<\/strong>: 8480010202151<\/p>\n<p>[\/vc_column_text][vc_empty_space][vc_single_image image=&#8221;470451&#8243; img_size=&#8221;medium&#8221; alignment=&#8221;center&#8221; css=&#8221;&#8221;][vc_empty_space][vc_column_text css=&#8221;.vc_custom_1760365113453{padding-top: 30px !important;}&#8221;]<\/p>\n<p style=\"font-size: 1.6rem; line-height: 1.2em; margin-bottom: 15px; font-family: TexGyreAdventor, arial, sans-serif;\"><strong>GARRANTZITSUA:<\/strong> Aipatutako loteko aleren bat baduzu, <strong>EZ ERABILI, <\/strong>eraman dendara eta dirua itzuliko dizugu. Produktuaren gainerako aleak, lote horretakoak ez direnak, seguruak dira eta kontsumitu daitezke.<\/p>\n<p style=\"font-size: 1.6rem; line-height: 1.2em; margin-bottom: 15px; font-family: TexGyreAdventor, arial, sans-serif;\">Barkatu eragozpenak.<\/p>\n<p style=\"font-size: 1.6rem; line-height: 1.2em; margin-bottom: 15px; font-family: TexGyreAdventor, arial, sans-serif;\">Informazio gehiago behar baduzu, <a href=\"https:\/\/www.aemps.gob.es\/informa\/retirada-cese-de-uso-y-comercializacion-de-ciertos-antisepticos-de-laboratorios-montplet-s-l-u\/\" target=\"_blank\" rel=\"noopener\">AEMPSen jakinarazpen osoa irakurri dezakezu<\/a> edo gure Bereroen Arreta Zerbitzuarekin harremanetan jar zaitezke 944 943 444 telefono-zenbakira deitu astelehenetik larunbatera, 09:00etatik 22:00etara, edo esteka honen bidez: <a href=\"https:\/\/www.eroski.es\/contacto\/\"><em>https:\/\/www.eroski.es\/contacto\/<\/em><\/a><\/p>\n<p style=\"font-size: 1.6rem; line-height: 1.2em; margin-bottom: 15px; font-family: TexGyreAdventor, arial, sans-serif;\">a m\u00e1s informaci\u00f3n puedes acceder al <a href=\"https:\/\/www.aemps.gob.es\/informa\/retirada-cese-de-uso-y-comercializacion-de-ciertos-antisepticos-de-laboratorios-montplet-s-l-u\/\">comunicado completo de la AEMPS<\/a>\u00a0 o contactar con nuestro Servicio de Atenci\u00f3n al Cliente en el tel\u00e9fono 944 943 444, de lunes a s\u00e1bado, de 9:00 a 22:00 h., o en este enlace <a href=\"https:\/\/www.eroski.es\/contacto\/\" target=\"_blank\" rel=\"noopener\">https:\/\/www.eroski.es\/contacto\/\u00a0<\/a><\/p>\n<p>[\/vc_column_text][vc_single_image image=&#8221;373793&#8243; img_size=&#8221;63&#215;63&#8243; alignment=&#8221;right&#8221; onclick=&#8221;custom_link&#8221; css=&#8221;.vc_custom_1637656001454{padding-bottom: 50px !important;}&#8221; link=&#8221;https:\/\/www.eroski.es\/retiradas-producto\/&#8221;][\/vc_column_inner][\/vc_row_inner][\/vc_column][\/vc_row]<\/p>\n<\/div>","protected":false},"excerpt":{"rendered":"<p>[vc_row][vc_column][vc_column_text css=&#8221;.vc_custom_1760532553183{padding-bottom: 10px !important;}&#8221;] 2025\/10\/13 [\/vc_column_text][vc_column_text css=&#8221;.vc_custom_1760533068124{border-bottom-width: 3px !important;padding-top: 10px !important;padding-bottom: 15px !important;border-bottom-style: solid !important;border-color: #e40000 !important;}&#8221;] PRODUKTUA BAZTERTZEA [\/vc_column_text][vc_column_text css=&#8221;.vc_custom_1640617638779{padding-top: 30px !important;}&#8221;] Produktua baztertzea Spray Antiseptikoa Klorhexidina urtsua %&#8230; <a class=\"view-article\" href=\"https:\/\/www.eroski.es\/eu\/produktua-baztertzea-spray-antiseptikoa-klorhexidina-urtsua-2an-eroski-100-ml\/\">Ikusi artikulua<\/a><\/p>\n","protected":false},"author":1027962,"featured_media":0,"parent":0,"menu_order":0,"comment_status":"closed","ping_status":"closed","template":"","meta":{"_acf_changed":false,"_price":"","_stock":"","_tribe_ticket_header":"","_tribe_default_ticket_provider":"","_ticket_start_date":"","_ticket_end_date":"","_tribe_ticket_show_description":"","_tribe_ticket_show_not_going":false,"_tribe_ticket_use_global_stock":"","_tribe_ticket_global_stock_level":"","_global_stock_mode":"","_global_stock_cap":"","_tribe_rsvp_for_event":"","_tribe_ticket_going_count":"","_tribe_ticket_not_going_count":"","_tribe_tickets_list":"[]","_tribe_ticket_has_attendee_info_fields":false,"footnotes":""},"class_list":["post-470508","page","type-page","status-publish","hentry"],"acf":[],"yoast_head":"<!-- This site is optimized with the Yoast SEO plugin v26.7 - https:\/\/yoast.com\/wordpress\/plugins\/seo\/ -->\n<title>Produktua baztertzea Spray Antiseptikoa Klorhexidina urtsua % 2an Eroski 100 ml.<\/title>\n<meta name=\"robots\" content=\"index, follow, max-snippet:-1, max-image-preview:large, max-video-preview:-1\" \/>\n<link rel=\"canonical\" href=\"https:\/\/www.eroski.es\/eu\/wp-json\/wp\/v2\/pages\/470508\" \/>\n<meta property=\"og:locale\" content=\"en_US\" \/>\n<meta property=\"og:type\" content=\"article\" \/>\n<meta property=\"og:title\" content=\"Produktua baztertzea Spray Antiseptikoa Klorhexidina urtsua % 2an Eroski 100 ml.\" \/>\n<meta property=\"og:description\" content=\"[vc_row][vc_column][vc_column_text css=&#8221;.vc_custom_1760532553183{padding-bottom: 10px !important;}&#8221;] 2025\/10\/13 [\/vc_column_text][vc_column_text css=&#8221;.vc_custom_1760533068124{border-bottom-width: 3px !important;padding-top: 10px !important;padding-bottom: 15px !important;border-bottom-style: solid !important;border-color: #e40000 !important;}&#8221;] PRODUKTUA BAZTERTZEA [\/vc_column_text][vc_column_text css=&#8221;.vc_custom_1640617638779{padding-top: 30px !important;}&#8221;] Produktua baztertzea Spray Antiseptikoa Klorhexidina urtsua %... Ikusi artikulua\" \/>\n<meta property=\"og:url\" content=\"https:\/\/www.eroski.es\/eu\/produktua-baztertzea-spray-antiseptikoa-klorhexidina-urtsua-2an-eroski-100-ml\/\" \/>\n<meta property=\"og:site_name\" content=\"EROSKI\" \/>\n<meta property=\"article:modified_time\" content=\"2025-10-15T12:58:05+00:00\" \/>\n<meta name=\"twitter:card\" content=\"summary_large_image\" \/>\n<meta name=\"twitter:label1\" content=\"Est. reading time\" \/>\n\t<meta name=\"twitter:data1\" content=\"2 minutes\" \/>\n<script type=\"application\/ld+json\" class=\"yoast-schema-graph\">{\"@context\":\"https:\/\/schema.org\",\"@graph\":[{\"@type\":\"WebPage\",\"@id\":\"https:\/\/www.eroski.es\/eu\/produktua-baztertzea-spray-antiseptikoa-klorhexidina-urtsua-2an-eroski-100-ml\/\",\"url\":\"https:\/\/www.eroski.es\/eu\/produktua-baztertzea-spray-antiseptikoa-klorhexidina-urtsua-2an-eroski-100-ml\/\",\"name\":\"Produktua baztertzea Spray Antiseptikoa Klorhexidina urtsua % 2an Eroski 100 ml.\",\"isPartOf\":{\"@id\":\"https:\/\/www.eroski.es\/eu\/#website\"},\"datePublished\":\"2025-10-15T12:58:03+00:00\",\"dateModified\":\"2025-10-15T12:58:05+00:00\",\"breadcrumb\":{\"@id\":\"https:\/\/www.eroski.es\/eu\/produktua-baztertzea-spray-antiseptikoa-klorhexidina-urtsua-2an-eroski-100-ml\/#breadcrumb\"},\"inLanguage\":\"eu\",\"potentialAction\":[{\"@type\":\"ReadAction\",\"target\":[\"https:\/\/www.eroski.es\/eu\/produktua-baztertzea-spray-antiseptikoa-klorhexidina-urtsua-2an-eroski-100-ml\/\"]}]},{\"@type\":\"BreadcrumbList\",\"@id\":\"https:\/\/www.eroski.es\/eu\/produktua-baztertzea-spray-antiseptikoa-klorhexidina-urtsua-2an-eroski-100-ml\/#breadcrumb\",\"itemListElement\":[{\"@type\":\"ListItem\",\"position\":1,\"name\":\"Home\",\"item\":\"https:\/\/www.eroski.es\/eu\/\"},{\"@type\":\"ListItem\",\"position\":2,\"name\":\"Produktua baztertzea Spray Antiseptikoa Klorhexidina urtsua % 2an Eroski 100 ml.\"}]},{\"@type\":\"WebSite\",\"@id\":\"https:\/\/www.eroski.es\/eu\/#website\",\"url\":\"https:\/\/www.eroski.es\/eu\/\",\"name\":\"EROSKI\",\"description\":\"\",\"potentialAction\":[{\"@type\":\"SearchAction\",\"target\":{\"@type\":\"EntryPoint\",\"urlTemplate\":\"https:\/\/www.eroski.es\/eu\/?s={search_term_string}\"},\"query-input\":{\"@type\":\"PropertyValueSpecification\",\"valueRequired\":true,\"valueName\":\"search_term_string\"}}],\"inLanguage\":\"eu\"},{\"@type\":\"Organization\",\"@id\":\"https:\/\/www.eroski.es\/eu\/\",\"name\":\"EROSKI\",\"url\":\"https:\/\/www.eroski.es\/eu\/\",\"sameAs\":[\"https:\/\/www.facebook.com\/EROSKI\",\"https:\/\/twitter.com\/EROSKI\",\"https:\/\/www.instagram.com\/EROSKI\"]}]}<\/script>\n<!-- \/ Yoast SEO plugin. -->","yoast_head_json":{"title":"Produktua baztertzea Spray Antiseptikoa Klorhexidina urtsua % 2an Eroski 100 ml.","robots":{"index":"index","follow":"follow","max-snippet":"max-snippet:-1","max-image-preview":"max-image-preview:large","max-video-preview":"max-video-preview:-1"},"canonical":"https:\/\/www.eroski.es\/eu\/wp-json\/wp\/v2\/pages\/470508","og_locale":"en_US","og_type":"article","og_title":"Produktua baztertzea Spray Antiseptikoa Klorhexidina urtsua % 2an Eroski 100 ml.","og_description":"[vc_row][vc_column][vc_column_text css=&#8221;.vc_custom_1760532553183{padding-bottom: 10px !important;}&#8221;] 2025\/10\/13 [\/vc_column_text][vc_column_text css=&#8221;.vc_custom_1760533068124{border-bottom-width: 3px !important;padding-top: 10px !important;padding-bottom: 15px !important;border-bottom-style: solid !important;border-color: #e40000 !important;}&#8221;] PRODUKTUA BAZTERTZEA [\/vc_column_text][vc_column_text css=&#8221;.vc_custom_1640617638779{padding-top: 30px !important;}&#8221;] Produktua baztertzea Spray Antiseptikoa Klorhexidina urtsua %... Ikusi artikulua","og_url":"https:\/\/www.eroski.es\/eu\/produktua-baztertzea-spray-antiseptikoa-klorhexidina-urtsua-2an-eroski-100-ml\/","og_site_name":"EROSKI","article_modified_time":"2025-10-15T12:58:05+00:00","twitter_card":"summary_large_image","twitter_misc":{"Est. reading time":"2 minutes"},"schema":{"@context":"https:\/\/schema.org","@graph":[{"@type":"WebPage","@id":"https:\/\/www.eroski.es\/eu\/produktua-baztertzea-spray-antiseptikoa-klorhexidina-urtsua-2an-eroski-100-ml\/","url":"https:\/\/www.eroski.es\/eu\/produktua-baztertzea-spray-antiseptikoa-klorhexidina-urtsua-2an-eroski-100-ml\/","name":"Produktua baztertzea Spray Antiseptikoa Klorhexidina urtsua % 2an Eroski 100 ml.","isPartOf":{"@id":"https:\/\/www.eroski.es\/eu\/#website"},"datePublished":"2025-10-15T12:58:03+00:00","dateModified":"2025-10-15T12:58:05+00:00","breadcrumb":{"@id":"https:\/\/www.eroski.es\/eu\/produktua-baztertzea-spray-antiseptikoa-klorhexidina-urtsua-2an-eroski-100-ml\/#breadcrumb"},"inLanguage":"eu","potentialAction":[{"@type":"ReadAction","target":["https:\/\/www.eroski.es\/eu\/produktua-baztertzea-spray-antiseptikoa-klorhexidina-urtsua-2an-eroski-100-ml\/"]}]},{"@type":"BreadcrumbList","@id":"https:\/\/www.eroski.es\/eu\/produktua-baztertzea-spray-antiseptikoa-klorhexidina-urtsua-2an-eroski-100-ml\/#breadcrumb","itemListElement":[{"@type":"ListItem","position":1,"name":"Home","item":"https:\/\/www.eroski.es\/eu\/"},{"@type":"ListItem","position":2,"name":"Produktua baztertzea Spray Antiseptikoa Klorhexidina urtsua % 2an Eroski 100 ml."}]},{"@type":"WebSite","@id":"https:\/\/www.eroski.es\/eu\/#website","url":"https:\/\/www.eroski.es\/eu\/","name":"EROSKI","description":"","potentialAction":[{"@type":"SearchAction","target":{"@type":"EntryPoint","urlTemplate":"https:\/\/www.eroski.es\/eu\/?s={search_term_string}"},"query-input":{"@type":"PropertyValueSpecification","valueRequired":true,"valueName":"search_term_string"}}],"inLanguage":"eu"},{"@type":"Organization","@id":"https:\/\/www.eroski.es\/eu\/","name":"EROSKI","url":"https:\/\/www.eroski.es\/eu\/","sameAs":["https:\/\/www.facebook.com\/EROSKI","https:\/\/twitter.com\/EROSKI","https:\/\/www.instagram.com\/EROSKI"]}]}},"_links":{"self":[{"href":"https:\/\/www.eroski.es\/eu\/wp-json\/wp\/v2\/pages\/470508","targetHints":{"allow":["GET"]}}],"collection":[{"href":"https:\/\/www.eroski.es\/eu\/wp-json\/wp\/v2\/pages"}],"about":[{"href":"https:\/\/www.eroski.es\/eu\/wp-json\/wp\/v2\/types\/page"}],"author":[{"embeddable":true,"href":"https:\/\/www.eroski.es\/eu\/wp-json\/wp\/v2\/users\/1027962"}],"replies":[{"embeddable":true,"href":"https:\/\/www.eroski.es\/eu\/wp-json\/wp\/v2\/comments?post=470508"}],"version-history":[{"count":2,"href":"https:\/\/www.eroski.es\/eu\/wp-json\/wp\/v2\/pages\/470508\/revisions"}],"predecessor-version":[{"id":470510,"href":"https:\/\/www.eroski.es\/eu\/wp-json\/wp\/v2\/pages\/470508\/revisions\/470510"}],"wp:attachment":[{"href":"https:\/\/www.eroski.es\/eu\/wp-json\/wp\/v2\/media?parent=470508"}],"curies":[{"name":"wp","href":"https:\/\/api.w.org\/{rel}","templated":true}]}}